{"id":29,"date":"2019-02-26T17:15:38","date_gmt":"2019-02-26T16:15:38","guid":{"rendered":"http:\/\/tomdrew-meble.eu\/?page_id=29"},"modified":"2022-08-10T15:31:03","modified_gmt":"2022-08-10T13:31:03","slug":"o-nas","status":"publish","type":"page","link":"https:\/\/tomdrew-meble.eu\/?page_id=29","title":{"rendered":"Wsp\u00f3\u0142praca"},"content":{"rendered":"\n\n\n<h3>Zapraszamy do wsp\u00f3\u0142pracy:<\/h3>\n\n\n\n<ul><li>biura projektowe<\/li><li>architekt\u00f3w<\/li><li>firmy budowlane<\/li><li>zak\u0142ady tapicerskie<\/li><li>producent\u00f3w materia\u0142\u00f3w<\/li><li>\u015blusarzy meblowych<\/li><\/ul>\n\n\n<p><\/p>","protected":false},"excerpt":{"rendered":"<p>Zapraszamy do wsp\u00f3\u0142pracy: biura projektowe architekt\u00f3w firmy budowlane zak\u0142ady tapicerskie producent\u00f3w materia\u0142\u00f3w \u015blusarzy meblowych<\/p>\n","protected":false},"author":1,"featured_media":0,"parent":0,"menu_order":0,"comment_status":"closed","ping_status":"closed","template":"","meta":[],"_links":{"self":[{"href":"https:\/\/tomdrew-meble.eu\/index.php?rest_route=\/wp\/v2\/pages\/29"}],"collection":[{"href":"https:\/\/tomdrew-meble.eu\/index.php?rest_route=\/wp\/v2\/pages"}],"about":[{"href":"https:\/\/tomdrew-meble.eu\/index.php?rest_route=\/wp\/v2\/types\/page"}],"author":[{"embeddable":true,"href":"https:\/\/tomdrew-meble.eu\/index.php?rest_route=\/wp\/v2\/users\/1"}],"replies":[{"embeddable":true,"href":"https:\/\/tomdrew-meble.eu\/index.php?rest_route=%2Fwp%2Fv2%2Fcomments&post=29"}],"version-history":[{"count":6,"href":"https:\/\/tomdrew-meble.eu\/index.php?rest_route=\/wp\/v2\/pages\/29\/revisions"}],"predecessor-version":[{"id":363,"href":"https:\/\/tomdrew-meble.eu\/index.php?rest_route=\/wp\/v2\/pages\/29\/revisions\/363"}],"wp:attachment":[{"href":"https:\/\/tomdrew-meble.eu\/index.php?rest_route=%2Fwp%2Fv2%2Fmedia&parent=29"}],"curies":[{"name":"wp","href":"https:\/\/api.w.org\/{rel}","templated":true}]}}