{"id":27,"date":"2019-02-26T17:14:58","date_gmt":"2019-02-26T16:14:58","guid":{"rendered":"http:\/\/tomdrew-meble.eu\/?page_id=27"},"modified":"2022-08-10T16:00:45","modified_gmt":"2022-08-10T14:00:45","slug":"uslugi","status":"publish","type":"page","link":"https:\/\/tomdrew-meble.eu\/?page_id=27","title":{"rendered":"Us\u0142ugi"},"content":{"rendered":"\n<h2>Wykonujemy meble na indywidualne zam\u00f3wienie wed\u0142ug projekt\u00f3w.<\/h2>\n\n\n\n<h4>Meble, kt\u00f3re tworzymy dla naszych klient\u00f3w s\u0105 wykonywane z:<\/h4>\n\n\n\n<ul class=\"has-background\" style=\"background-color:#ffffff66\"><li>P\u0142yt laminowanych<\/li><li>MDF lakierowanych<\/li><li>P\u0142yt fornirowanych naturaln\u0105 oklein\u0105<\/li><li>Drewna<\/li><li>Drewna Bambusowe<\/li><li>Kompozyt\u00f3w (np. Corian, Staron, Kerrock,)<\/li><li>Monta\u017c element\u00f3w szklanych (Lacobel)<\/li><li>\u017bywic epoksydowych<\/li><li>Element\u00f3w tapicerowanych<\/li><\/ul>\n\n\n\n<h4>Oferujemy:<\/h4>\n\n\n\n<ul class=\"has-background\" style=\"background-color:#ffffff66\"><li>Meble do mieszka\u0144: meble kuchenne , garderoby, biblioteki, szafy wn\u0119kowe &#8211; przesuwne, szafy wolnostoj\u0105ce, meble \u0142azienkowe, zabudowy skos\u00f3w, \u0142\u00f3\u017cka, lamele \u015bcienne, zabudowy i meble tapicerowane itp.<\/li><li>Meble dla firm: biurowe, sklepowe, hotelowe, barowe, gabinetowe itp.<\/li><li>Inne nietypowe meble na wymiar<\/li><\/ul>\n","protected":false},"excerpt":{"rendered":"<p>Wykonujemy meble na indywidualne zam\u00f3wienie wed\u0142ug projekt\u00f3w. Meble, kt\u00f3re tworzymy dla naszych klient\u00f3w s\u0105 wykonywane z: P\u0142yt laminowanych MDF lakierowanych P\u0142yt fornirowanych naturaln\u0105 oklein\u0105 Drewna Drewna Bambusowe Kompozyt\u00f3w (np. Corian, Staron, Kerrock,) Monta\u017c element\u00f3w szklanych (Lacobel) \u017bywic epoksydowych Element\u00f3w tapicerowanych Oferujemy: Meble do mieszka\u0144: meble kuchenne , garderoby, biblioteki, szafy wn\u0119kowe &#8211; przesuwne, szafy wolnostoj\u0105ce, [&hellip;]<\/p>\n","protected":false},"author":1,"featured_media":0,"parent":0,"menu_order":0,"comment_status":"closed","ping_status":"closed","template":"","meta":[],"_links":{"self":[{"href":"https:\/\/tomdrew-meble.eu\/index.php?rest_route=\/wp\/v2\/pages\/27"}],"collection":[{"href":"https:\/\/tomdrew-meble.eu\/index.php?rest_route=\/wp\/v2\/pages"}],"about":[{"href":"https:\/\/tomdrew-meble.eu\/index.php?rest_route=\/wp\/v2\/types\/page"}],"author":[{"embeddable":true,"href":"https:\/\/tomdrew-meble.eu\/index.php?rest_route=\/wp\/v2\/users\/1"}],"replies":[{"embeddable":true,"href":"https:\/\/tomdrew-meble.eu\/index.php?rest_route=%2Fwp%2Fv2%2Fcomments&post=27"}],"version-history":[{"count":17,"href":"https:\/\/tomdrew-meble.eu\/index.php?rest_route=\/wp\/v2\/pages\/27\/revisions"}],"predecessor-version":[{"id":379,"href":"https:\/\/tomdrew-meble.eu\/index.php?rest_route=\/wp\/v2\/pages\/27\/revisions\/379"}],"wp:attachment":[{"href":"https:\/\/tomdrew-meble.eu\/index.php?rest_route=%2Fwp%2Fv2%2Fmedia&parent=27"}],"curies":[{"name":"wp","href":"https:\/\/api.w.org\/{rel}","templated":true}]}}