{"id":24,"date":"2019-02-26T17:13:07","date_gmt":"2019-02-26T16:13:07","guid":{"rendered":"http:\/\/tomdrew-meble.eu\/?page_id=24"},"modified":"2022-08-10T15:53:49","modified_gmt":"2022-08-10T13:53:49","slug":"tworzymy-piekne-meble","status":"publish","type":"page","link":"https:\/\/tomdrew-meble.eu\/","title":{"rendered":""},"content":{"rendered":"\t\t<div data-elementor-type=\"wp-post\" data-elementor-id=\"24\" class=\"elementor elementor-24\">\n\t\t\t\t\t\t<div class=\"elementor-inner\">\n\t\t\t\t<div class=\"elementor-section-wrap\">\n\t\t\t\t\t\t\t\t\t<section class=\"elementor-section elementor-top-section elementor-element elementor-element-5eae06b6 elementor-section-boxed elementor-section-height-default elementor-section-height-default\" data-id=\"5eae06b6\" data-element_type=\"section\">\n\t\t\t\t\t\t<div class=\"elementor-container elementor-column-gap-default\">\n\t\t\t\t\t\t\t<div class=\"elementor-row\">\n\t\t\t\t\t<div class=\"elementor-column elementor-col-100 elementor-top-column elementor-element elementor-element-4238b6a2\" data-id=\"4238b6a2\" data-element_type=\"column\">\n\t\t\t<div class=\"elementor-column-wrap elementor-element-populated\">\n\t\t\t\t\t\t\t<div class=\"elementor-widget-wrap\">\n\t\t\t\t\t\t<div class=\"elementor-element elementor-element-2ec82e1 elementor-widget elementor-widget-text-editor\" data-id=\"2ec82e1\" data-element_type=\"widget\" data-widget_type=\"text-editor.default\">\n\t\t\t\t<div class=\"elementor-widget-container\">\n\t\t\t\t\t\t\t\t<div class=\"elementor-text-editor elementor-clearfix\">\n\t\t\t\t<p><!-- wp:paragraph --><\/p>\n<h1>\u00a0 \u00a0 <img loading=\"lazy\" class=\"alignnone size-medium wp-image-369\" src=\"https:\/\/tomdrew-meble.eu\/wp-content\/uploads\/2022\/08\/Logo-na-wektorach-300x159.png\" alt=\"\" width=\"300\" height=\"159\" srcset=\"https:\/\/tomdrew-meble.eu\/wp-content\/uploads\/2022\/08\/Logo-na-wektorach-300x159.png 300w, https:\/\/tomdrew-meble.eu\/wp-content\/uploads\/2022\/08\/Logo-na-wektorach-1024x543.png 1024w, https:\/\/tomdrew-meble.eu\/wp-content\/uploads\/2022\/08\/Logo-na-wektorach-768x407.png 768w, https:\/\/tomdrew-meble.eu\/wp-content\/uploads\/2022\/08\/Logo-na-wektorach-1536x815.png 1536w, https:\/\/tomdrew-meble.eu\/wp-content\/uploads\/2022\/08\/Logo-na-wektorach-2048x1086.png 2048w, https:\/\/tomdrew-meble.eu\/wp-content\/uploads\/2022\/08\/Logo-na-wektorach-850x450.png 850w\" sizes=\"(max-width: 300px) 100vw, 300px\" \/>\u00a0 \u00a0 \u00a0 <strong>Stawiamy na jako\u015b\u0107!<\/strong><\/h1>\n<div><strong>\u00a0<\/strong><\/div>\n<div><strong>Jeste\u015bmy rodzinn\u0105 firm\u0105 b\u0119d\u0105c\u0105 ponad 20 lat na rynku. Specjalizujemy si\u0119 produkcji mebli dopasowanych pod naszych klient\u00f3w.<\/strong><\/div>\n<p>\u00a0<\/p>\n<p>Stawiamy na jako\u015b\u0107, lubimy wyzwania.<\/p>\n<p>Na bie\u017c\u0105co \u015bledzimy nowo\u015bci rynkowe, pracujemy na materia\u0142ach najwy\u017cszej jako\u015bci.<br \/>Ka\u017cda nasza realizacja jest jedyna w swoim rodzaju<\/p>\n<p><!-- \/wp:paragraph --><!-- wp:paragraph --><\/p>\n<p><!-- \/wp:paragraph --><\/p>\t\t\t\t\t<\/div>\n\t\t\t\t\t\t<\/div>\n\t\t\t\t<\/div>\n\t\t\t\t\t\t<\/div>\n\t\t\t\t\t<\/div>\n\t\t<\/div>\n\t\t\t\t\t\t\t\t<\/div>\n\t\t\t\t\t<\/div>\n\t\t<\/section>\n\t\t\t\t\t\t\t\t\t<\/div>\n\t\t\t<\/div>\n\t\t\t\t\t<\/div>\n\t\t","protected":false},"excerpt":{"rendered":"<p>\u00a0 \u00a0 \u00a0 \u00a0 \u00a0 Stawiamy na jako\u015b\u0107! \u00a0 Jeste\u015bmy rodzinn\u0105 firm\u0105 b\u0119d\u0105c\u0105 ponad 20 lat na rynku. Specjalizujemy si\u0119 produkcji mebli dopasowanych pod naszych klient\u00f3w. \u00a0 Stawiamy na jako\u015b\u0107, lubimy wyzwania. Na bie\u017c\u0105co \u015bledzimy nowo\u015bci rynkowe, pracujemy na materia\u0142ach najwy\u017cszej jako\u015bci.Ka\u017cda nasza realizacja jest jedyna w swoim rodzaju<\/p>\n","protected":false},"author":1,"featured_media":0,"parent":0,"menu_order":0,"comment_status":"closed","ping_status":"closed","template":"","meta":[],"_links":{"self":[{"href":"https:\/\/tomdrew-meble.eu\/index.php?rest_route=\/wp\/v2\/pages\/24"}],"collection":[{"href":"https:\/\/tomdrew-meble.eu\/index.php?rest_route=\/wp\/v2\/pages"}],"about":[{"href":"https:\/\/tomdrew-meble.eu\/index.php?rest_route=\/wp\/v2\/types\/page"}],"author":[{"embeddable":true,"href":"https:\/\/tomdrew-meble.eu\/index.php?rest_route=\/wp\/v2\/users\/1"}],"replies":[{"embeddable":true,"href":"https:\/\/tomdrew-meble.eu\/index.php?rest_route=%2Fwp%2Fv2%2Fcomments&post=24"}],"version-history":[{"count":13,"href":"https:\/\/tomdrew-meble.eu\/index.php?rest_route=\/wp\/v2\/pages\/24\/revisions"}],"predecessor-version":[{"id":373,"href":"https:\/\/tomdrew-meble.eu\/index.php?rest_route=\/wp\/v2\/pages\/24\/revisions\/373"}],"wp:attachment":[{"href":"https:\/\/tomdrew-meble.eu\/index.php?rest_route=%2Fwp%2Fv2%2Fmedia&parent=24"}],"curies":[{"name":"wp","href":"https:\/\/api.w.org\/{rel}","templated":true}]}}